{"id":25,"date":"2024-10-06T19:36:27","date_gmt":"2024-10-06T19:36:27","guid":{"rendered":"https:\/\/demo.17thavenuedesigns.com\/clover\/?page_id=25"},"modified":"2024-11-29T12:24:50","modified_gmt":"2024-11-29T12:24:50","slug":"about","status":"publish","type":"page","link":"https:\/\/machereelisabeth.com\/?page_id=25","title":{"rendered":""},"content":{"rendered":"<style>.kadence-column25_d698a5-17 > .kt-inside-inner-col{display:flex;}.kadence-column25_d698a5-17 > .kt-inside-inner-col,.kadence-column25_d698a5-17 > .kt-inside-inner-col:before{border-top-left-radius:0px;border-top-right-radius:0px;border-bottom-right-radius:0px;border-bottom-left-radius:0px;}.kadence-column25_d698a5-17 > .kt-inside-inner-col{column-gap:var(--global-kb-gap-sm, 1rem);}.kadence-column25_d698a5-17 > .kt-inside-inner-col{flex-direction:column;justify-content:center;}.kadence-column25_d698a5-17 > .kt-inside-inner-col > .aligncenter{width:100%;}.kt-row-column-wrap > .kadence-column25_d698a5-17{align-self:center;}.kt-inner-column-height-full:not(.kt-has-1-columns) > .wp-block-kadence-column.kadence-column25_d698a5-17{align-self:auto;}.kt-inner-column-height-full:not(.kt-has-1-columns) > .wp-block-kadence-column.kadence-column25_d698a5-17 > .kt-inside-inner-col{flex-direction:column;justify-content:center;}.kadence-column25_d698a5-17 > .kt-inside-inner-col:before{opacity:0.3;}.kadence-column25_d698a5-17{position:relative;}@media all and (max-width: 1024px){.kt-row-column-wrap > .kadence-column25_d698a5-17{align-self:center;}}@media all and (max-width: 1024px){.kt-inner-column-height-full:not(.kt-has-1-columns) > .wp-block-kadence-column.kadence-column25_d698a5-17{align-self:auto;}}@media all and (max-width: 1024px){.kt-inner-column-height-full:not(.kt-has-1-columns) > .wp-block-kadence-column.kadence-column25_d698a5-17 > .kt-inside-inner-col{flex-direction:column;justify-content:center;}}@media all and (max-width: 1024px){.kadence-column25_d698a5-17 > .kt-inside-inner-col{flex-direction:column;justify-content:center;}}@media all and (max-width: 767px){.kt-row-column-wrap > .kadence-column25_d698a5-17{align-self:center;}.kt-inner-column-height-full:not(.kt-has-1-columns) > .wp-block-kadence-column.kadence-column25_d698a5-17{align-self:auto;}.kt-inner-column-height-full:not(.kt-has-1-columns) > .wp-block-kadence-column.kadence-column25_d698a5-17 > .kt-inside-inner-col{flex-direction:column;justify-content:center;}.kadence-column25_d698a5-17 > .kt-inside-inner-col{flex-direction:column;justify-content:center;}}<\/style>\n<div class=\"wp-block-kadence-column kadence-column25_d698a5-17 inner-column-1\"><div class=\"kt-inside-inner-col\"><style>.wp-block-kadence-advancedheading.kt-adv-heading25_fee2c1-25, .wp-block-kadence-advancedheading.kt-adv-heading25_fee2c1-25[data-kb-block=\"kb-adv-heading25_fee2c1-25\"]{margin-top:0px;margin-bottom:10px;font-size:56px;font-style:normal;letter-spacing:0px;}.wp-block-kadence-advancedheading.kt-adv-heading25_fee2c1-25 mark.kt-highlight, .wp-block-kadence-advancedheading.kt-adv-heading25_fee2c1-25[data-kb-block=\"kb-adv-heading25_fee2c1-25\"] mark.kt-highlight{font-style:normal;color:#f76a0c;-webkit-box-decoration-break:clone;box-decoration-break:clone;padding-top:0px;padding-right:0px;padding-bottom:0px;padding-left:0px;}.wp-block-kadence-advancedheading.kt-adv-heading25_fee2c1-25 img.kb-inline-image, .wp-block-kadence-advancedheading.kt-adv-heading25_fee2c1-25[data-kb-block=\"kb-adv-heading25_fee2c1-25\"] img.kb-inline-image{width:150px;vertical-align:baseline;}<\/style>\n<h5 class=\"kt-adv-heading25_fee2c1-25 wp-block-kadence-advancedheading has-theme-palette-2-color has-text-color\" data-kb-block=\"kb-adv-heading25_fee2c1-25\">Qui est Elisabeth<\/h5>\n\n\n<style>.wp-block-kadence-advancedheading.kt-adv-heading25_1e9a86-80, .wp-block-kadence-advancedheading.kt-adv-heading25_1e9a86-80[data-kb-block=\"kb-adv-heading25_1e9a86-80\"]{margin-top:5px;margin-bottom:25px;font-size:20px;font-style:normal;}.wp-block-kadence-advancedheading.kt-adv-heading25_1e9a86-80 mark.kt-highlight, .wp-block-kadence-advancedheading.kt-adv-heading25_1e9a86-80[data-kb-block=\"kb-adv-heading25_1e9a86-80\"] mark.kt-highlight{font-style:normal;color:#f76a0c;-webkit-box-decoration-break:clone;box-decoration-break:clone;padding-top:0px;padding-right:0px;padding-bottom:0px;padding-left:0px;}.wp-block-kadence-advancedheading.kt-adv-heading25_1e9a86-80 img.kb-inline-image, .wp-block-kadence-advancedheading.kt-adv-heading25_1e9a86-80[data-kb-block=\"kb-adv-heading25_1e9a86-80\"] img.kb-inline-image{width:150px;vertical-align:baseline;}<\/style>\n<h4 class=\"kt-adv-heading25_1e9a86-80 accent-line-right wp-block-kadence-advancedheading\" data-kb-block=\"kb-adv-heading25_1e9a86-80\"><\/h4>\n\n\n\n<p class=\"has-drop-cap has-theme-palette-2-color has-text-color has-link-color has-medium-font-size wp-elements-e190dc5f8d313a8304433e03e3e8fc0f\"> Si nous avions eu une fille, nous l&rsquo;aurions appel\u00e9e Elisabeth.<\/p>\n\n\n\n<p>Quand je pense \u00e0 Elisabeth je vois la cousine bienaim\u00e9e de Marie. Une femme de conseil et d&rsquo;une profonde sagesse. Une femme de foi et d&rsquo;alliance, appel\u00e9e \u00e0 \u00eatre la m\u00e8re de celui qui ouvrira la voie au Sauveur. Dieu est sa demeure, l&rsquo;\u00e9vangile est sa force.<\/p>\n\n\n\n<p style=\"font-size:16px\">Je vois les filles que nous n&rsquo;avons jamais eu. Je vois de puissantes disciples de J\u00e9sus-Christ en ces derniers jours. Je vois notre post\u00e9rit\u00e9 qui se trouve de l&rsquo;autre c\u00f4t\u00e9 du voile et qui pr\u00e9pare Sa seconde venue. <\/p>\n\n\n\n<p>Et enfin je vois toutes ces <strong>femmes de saintet\u00e9<\/strong>. Pass\u00e9es, pr\u00e9sentes et futures. Farouchement attach\u00e9es \u00e0 leurs alliances, d\u00e9termin\u00e9es \u00e0 illuminer ce monde . <br>Je vois des femmes de courage, de connaissance et de pouvoir. Je vois des femmes qui ont banni la crainte, parce qu&rsquo;elles savent.<\/p>\n\n\n\n<p>Nous sommes appel\u00e9es \u00e0 briller Sa lumi\u00e8re. Oh combien Il a besoin de chacune d&rsquo;entre nous, <strong>l\u00e0 o\u00f9 nous sommes<\/strong>, avec nos propres circontances.<\/p>\n\n\n\n<p>Comme il a besoin d&rsquo;h\u00e9ro\u00efnes paisibles comme Elisabeth, des femmes qui remplissent calmement leur r\u00f4le <strong>parce qu&rsquo;elles savent<\/strong>.<\/p>\n\n\n\n<p>Et n&rsquo;avons-nous pas toutes une part d&rsquo;Elisabeth en nous? <\/p>\n\n\n\n<p>Notre Sauveur a besoin de femmes d&rsquo;alliances qui savent exactement comment le suivre et comment attirer \u00e0 elles le pouvoir des cieux dont elles ont \u00e9t\u00e9 dot\u00e9es. <\/p>\n\n\n\n<p><strong>Nous sommes ces femmes l\u00e0.<\/strong><\/p>\n\n\n\n<p>Depuis le commencement du monde et pour toute l&rsquo;\u00e9ternit\u00e9. <\/p>\n\n\n\n<p>Soyez les bienvenues<\/p>\n\n\n\n<p><\/p>\n\n\n\n<p><\/p>\n<\/div><\/div>\n\n\n<style>.kb-row-layout-wrap.wp-block-kadence-rowlayout.kb-row-layout-id25_e8ca7e-26{margin-top:3em;margin-bottom:3em;}.kb-row-layout-id25_e8ca7e-26 > .kt-row-column-wrap{align-content:start;}:where(.kb-row-layout-id25_e8ca7e-26 > .kt-row-column-wrap) > .wp-block-kadence-column{justify-content:start;}.kb-row-layout-id25_e8ca7e-26 > .kt-row-column-wrap{column-gap:var(--global-kb-gap-md, 2rem);row-gap:var(--global-kb-gap-md, 2rem);padding-top:0px;padding-bottom:0px;grid-template-columns:minmax(0, calc(60% - ((var(--global-kb-gap-md, 2rem) * 1 )\/2)))minmax(0, calc(40% - ((var(--global-kb-gap-md, 2rem) * 1 )\/2)));}.kb-row-layout-id25_e8ca7e-26 > .kt-row-layout-overlay{opacity:0.30;}@media all and (max-width: 1024px){.kb-row-layout-id25_e8ca7e-26 > .kt-row-column-wrap{grid-template-columns:repeat(2, minmax(0, 1fr));}}@media all and (max-width: 767px){.kb-row-layout-id25_e8ca7e-26 > .kt-row-column-wrap{row-gap:var(--global-kb-gap-none, 0rem );grid-template-columns:minmax(0, 1fr);}}.shop-outfit-links h4 a {    text-decoration: underline;}<\/style><div class=\"kb-row-layout-wrap kb-row-layout-id25_e8ca7e-26 alignnone shop-outfit-links wp-block-kadence-rowlayout\"><div class=\"kt-row-column-wrap kt-has-2-columns kt-row-layout-equal kt-tab-layout-inherit kt-mobile-layout-row kt-row-valign-top\">\n<style>.kadence-column25_e5e923-a5 > .kt-inside-inner-col{border-top-width:0px;border-right-width:0px;border-bottom-width:0px;border-left-width:0px;}.kadence-column25_e5e923-a5 > .kt-inside-inner-col,.kadence-column25_e5e923-a5 > .kt-inside-inner-col:before{border-top-left-radius:0px;border-top-right-radius:0px;border-bottom-right-radius:0px;border-bottom-left-radius:0px;}.kadence-column25_e5e923-a5 > .kt-inside-inner-col{column-gap:var(--global-kb-gap-sm, 1rem);}.kadence-column25_e5e923-a5 > .kt-inside-inner-col{flex-direction:column;}.kadence-column25_e5e923-a5 > .kt-inside-inner-col > .aligncenter{width:100%;}.kadence-column25_e5e923-a5 > .kt-inside-inner-col:before{opacity:0.3;}.kadence-column25_e5e923-a5{position:relative;}@media all and (max-width: 1024px){.kadence-column25_e5e923-a5 > .kt-inside-inner-col{flex-direction:column;justify-content:center;}}@media all and (max-width: 767px){.kadence-column25_e5e923-a5 > .kt-inside-inner-col{flex-direction:column;justify-content:center;}}<\/style>\n<div class=\"wp-block-kadence-column kadence-column25_e5e923-a5\"><div class=\"kt-inside-inner-col\"><\/div><\/div>\n\n\n<style>.kadence-column25_1a8046-56 > .kt-inside-inner-col,.kadence-column25_1a8046-56 > .kt-inside-inner-col:before{border-top-left-radius:0px;border-top-right-radius:0px;border-bottom-right-radius:0px;border-bottom-left-radius:0px;}.kadence-column25_1a8046-56 > .kt-inside-inner-col{column-gap:var(--global-kb-gap-sm, 1rem);}.kadence-column25_1a8046-56 > .kt-inside-inner-col{flex-direction:column;}.kadence-column25_1a8046-56 > .kt-inside-inner-col > .aligncenter{width:100%;}.kadence-column25_1a8046-56 > .kt-inside-inner-col:before{opacity:0.3;}.kadence-column25_1a8046-56{position:relative;}@media all and (max-width: 1024px){.kadence-column25_1a8046-56 > .kt-inside-inner-col{flex-direction:column;justify-content:center;}}@media all and (max-width: 767px){.kadence-column25_1a8046-56 > .kt-inside-inner-col{flex-direction:column;justify-content:center;}}<\/style>\n<div class=\"wp-block-kadence-column kadence-column25_1a8046-56\"><div class=\"kt-inside-inner-col\"><\/div><\/div>\n\n<\/div><\/div>","protected":false},"excerpt":{"rendered":"<p>Qui est Elisabeth Si nous avions eu une fille, nous l&rsquo;aurions appel\u00e9e Elisabeth. Quand je pense \u00e0 Elisabeth je vois la cousine bienaim\u00e9e de Marie. Une femme de conseil et d&rsquo;une profonde sagesse. Une femme de foi et d&rsquo;alliance, appel\u00e9e \u00e0 \u00eatre la m\u00e8re de celui qui ouvrira la voie au Sauveur. Dieu est sa&#8230;<\/p>\n","protected":false},"author":1,"featured_media":0,"parent":0,"menu_order":0,"comment_status":"closed","ping_status":"closed","template":"","meta":{"_kadence_starter_templates_imported_post":true,"_kad_post_transparent":"","_kad_post_title":"","_kad_post_layout":"normal","_kad_post_sidebar_id":"","_kad_post_content_style":"","_kad_post_vertical_padding":"","_kad_post_feature":"","_kad_post_feature_position":"","_kad_post_header":false,"_kad_post_footer":false,"footnotes":""},"class_list":["post-25","page","type-page","status-publish","hentry"],"_links":{"self":[{"href":"https:\/\/machereelisabeth.com\/index.php?rest_route=\/wp\/v2\/pages\/25","targetHints":{"allow":["GET"]}}],"collection":[{"href":"https:\/\/machereelisabeth.com\/index.php?rest_route=\/wp\/v2\/pages"}],"about":[{"href":"https:\/\/machereelisabeth.com\/index.php?rest_route=\/wp\/v2\/types\/page"}],"author":[{"embeddable":true,"href":"https:\/\/machereelisabeth.com\/index.php?rest_route=\/wp\/v2\/users\/1"}],"replies":[{"embeddable":true,"href":"https:\/\/machereelisabeth.com\/index.php?rest_route=%2Fwp%2Fv2%2Fcomments&post=25"}],"version-history":[{"count":27,"href":"https:\/\/machereelisabeth.com\/index.php?rest_route=\/wp\/v2\/pages\/25\/revisions"}],"predecessor-version":[{"id":6939,"href":"https:\/\/machereelisabeth.com\/index.php?rest_route=\/wp\/v2\/pages\/25\/revisions\/6939"}],"wp:attachment":[{"href":"https:\/\/machereelisabeth.com\/index.php?rest_route=%2Fwp%2Fv2%2Fmedia&parent=25"}],"curies":[{"name":"wp","href":"https:\/\/api.w.org\/{rel}","templated":true}]}}